{"id":289,"date":"2022-05-31T11:12:42","date_gmt":"2022-05-31T11:12:42","guid":{"rendered":"https:\/\/sportano.pl\/blog\/?page_id=289"},"modified":"2022-05-31T11:12:42","modified_gmt":"2022-05-31T11:12:42","slug":"kontakt","status":"publish","type":"page","link":"https:\/\/sportano.pl\/blog\/kontakt\/","title":{"rendered":"Kontakt"},"content":{"rendered":"\n<p>Masz pytania dotycz\u0105ce wybranego artyku\u0142u? Szukasz odpowiedzi na nurtuj\u0105ce Ci\u0119 zagadnienie zwi\u0105zane ze sportem lub potrzebujesz informacji o produkcie wspomnianym we wpisie? A mo\u017ce chcesz poruszy\u0107 konkretny temat na blogu? <\/p>\n\n\n\n<p>Napisz do nas bezpo\u015brednio na adres: <a href=\"mailto:%22kontakt@sportano.pl%22\" target=\"_blank\" rel=\"noreferrer noopener\"><strong>kontakt@sportano.pl<\/strong><\/a><\/p>\n<div id=\"synerise-rekomendacje\" class=\"synerise\"><\/div>","protected":false},"excerpt":{"rendered":"<p>Masz pytania dotycz\u0105ce wybranego artyku\u0142u? Szukasz odpowiedzi na nurtuj\u0105ce Ci\u0119 zagadnienie zwi\u0105zane ze sportem lub potrzebujesz informacji o produkcie wspomnianym we wpisie? A mo\u017ce chcesz poruszy\u0107 konkretny temat na blogu? Napisz do nas bezpo\u015brednio na adres: kontakt@sportano.pl<\/p>\n","protected":false},"author":7,"featured_media":0,"parent":0,"menu_order":0,"comment_status":"closed","ping_status":"closed","template":"","meta":{"_acf_changed":false,"footnotes":""},"class_list":["post-289","page","type-page","status-publish","hentry"],"acf":[],"yoast_head":"<!-- This site is optimized with the Yoast SEO plugin v27.1.1 - https:\/\/yoast.com\/product\/yoast-seo-wordpress\/ -->\n<title>Kontakt - Blog Sportano.pl<\/title>\n<meta name=\"description\" content=\"Porady, inspiracje, testy sprz\u0119tu sportowego \u2013 sprawd\u017a blog Sportano z materia\u0142ami dla sportowc\u00f3w i os\u00f3b aktywnych na ka\u017cdym poziomie zaawansowania.\" \/>\n<meta name=\"robots\" content=\"index, follow, max-snippet:-1, max-image-preview:large, max-video-preview:-1\" \/>\n<link rel=\"canonical\" href=\"https:\/\/sportano.pl\/blog\/kontakt\/\" \/>\n<meta property=\"og:locale\" content=\"pl_PL\" \/>\n<meta property=\"og:type\" content=\"article\" \/>\n<meta property=\"og:title\" content=\"Kontakt - Blog Sportano.pl\" \/>\n<meta property=\"og:description\" content=\"Porady, inspiracje, testy sprz\u0119tu sportowego \u2013 sprawd\u017a blog Sportano z materia\u0142ami dla sportowc\u00f3w i os\u00f3b aktywnych na ka\u017cdym poziomie zaawansowania.\" \/>\n<meta property=\"og:url\" content=\"https:\/\/sportano.pl\/blog\/kontakt\/\" \/>\n<meta name=\"twitter:card\" content=\"summary_large_image\" \/>\n<meta name=\"twitter:label1\" content=\"Szacowany czas czytania\" \/>\n\t<meta name=\"twitter:data1\" content=\"1 minuta\" \/>\n<!-- \/ Yoast SEO plugin. -->","yoast_head_json":{"title":"Kontakt - Blog Sportano.pl","description":"Porady, inspiracje, testy sprz\u0119tu sportowego \u2013 sprawd\u017a blog Sportano z materia\u0142ami dla sportowc\u00f3w i os\u00f3b aktywnych na ka\u017cdym poziomie zaawansowania.","robots":{"index":"index","follow":"follow","max-snippet":"max-snippet:-1","max-image-preview":"max-image-preview:large","max-video-preview":"max-video-preview:-1"},"canonical":"https:\/\/sportano.pl\/blog\/kontakt\/","og_locale":"pl_PL","og_type":"article","og_title":"Kontakt - Blog Sportano.pl","og_description":"Porady, inspiracje, testy sprz\u0119tu sportowego \u2013 sprawd\u017a blog Sportano z materia\u0142ami dla sportowc\u00f3w i os\u00f3b aktywnych na ka\u017cdym poziomie zaawansowania.","og_url":"https:\/\/sportano.pl\/blog\/kontakt\/","twitter_card":"summary_large_image","twitter_misc":{"Szacowany czas czytania":"1 minuta"},"schema":{"@context":"https:\/\/schema.org","@graph":[{"@type":"WebPage","@id":"https:\/\/sportano.pl\/blog\/kontakt\/","url":"https:\/\/sportano.pl\/blog\/kontakt\/","name":"Kontakt - Blog Sportano.pl","isPartOf":{"@id":"https:\/\/sportano.pl\/blog\/#website"},"datePublished":"2022-05-31T11:12:42+00:00","description":"Porady, inspiracje, testy sprz\u0119tu sportowego \u2013 sprawd\u017a blog Sportano z materia\u0142ami dla sportowc\u00f3w i os\u00f3b aktywnych na ka\u017cdym poziomie zaawansowania.","breadcrumb":{"@id":"https:\/\/sportano.pl\/blog\/kontakt\/#breadcrumb"},"inLanguage":"pl-PL","potentialAction":[{"@type":"ReadAction","target":["https:\/\/sportano.pl\/blog\/kontakt\/"]}]},{"@type":"BreadcrumbList","@id":"https:\/\/sportano.pl\/blog\/kontakt\/#breadcrumb","itemListElement":[{"@type":"ListItem","position":1,"name":"Strona g\u0142\u00f3wna","item":"https:\/\/sportano.pl\/blog\/"},{"@type":"ListItem","position":2,"name":"Kontakt"}]},{"@type":"WebSite","@id":"https:\/\/sportano.pl\/blog\/#website","url":"https:\/\/sportano.pl\/blog\/","name":"","description":"","publisher":{"@id":"https:\/\/sportano.pl\/blog\/#organization"},"potentialAction":[{"@type":"SearchAction","target":{"@type":"EntryPoint","urlTemplate":"https:\/\/sportano.pl\/blog\/?s={search_term_string}"},"query-input":{"@type":"PropertyValueSpecification","valueRequired":true,"valueName":"search_term_string"}}],"inLanguage":"pl-PL"},{"@type":"Organization","@id":"https:\/\/sportano.pl\/blog\/#organization","name":"Sportano.pl","url":"https:\/\/sportano.pl\/blog\/","logo":{"@type":"ImageObject","inLanguage":"pl-PL","@id":"https:\/\/sportano.pl\/blog\/#\/schema\/logo\/image\/","url":"http:\/\/sportano.pl\/blog\/wp-content\/uploads\/2022\/04\/sportano-blog-logo.png","contentUrl":"http:\/\/sportano.pl\/blog\/wp-content\/uploads\/2022\/04\/sportano-blog-logo.png","width":1200,"height":200,"caption":"Sportano.pl"},"image":{"@id":"https:\/\/sportano.pl\/blog\/#\/schema\/logo\/image\/"}}]}},"_links":{"self":[{"href":"https:\/\/sportano.pl\/blog\/wp-json\/wp\/v2\/pages\/289","targetHints":{"allow":["GET"]}}],"collection":[{"href":"https:\/\/sportano.pl\/blog\/wp-json\/wp\/v2\/pages"}],"about":[{"href":"https:\/\/sportano.pl\/blog\/wp-json\/wp\/v2\/types\/page"}],"author":[{"embeddable":true,"href":"https:\/\/sportano.pl\/blog\/wp-json\/wp\/v2\/users\/7"}],"replies":[{"embeddable":true,"href":"https:\/\/sportano.pl\/blog\/wp-json\/wp\/v2\/comments?post=289"}],"version-history":[{"count":2,"href":"https:\/\/sportano.pl\/blog\/wp-json\/wp\/v2\/pages\/289\/revisions"}],"predecessor-version":[{"id":291,"href":"https:\/\/sportano.pl\/blog\/wp-json\/wp\/v2\/pages\/289\/revisions\/291"}],"wp:attachment":[{"href":"https:\/\/sportano.pl\/blog\/wp-json\/wp\/v2\/media?parent=289"}],"curies":[{"name":"wp","href":"https:\/\/api.w.org\/{rel}","templated":true}]}}